{"id":710,"date":"2024-05-28T15:27:28","date_gmt":"2024-05-28T13:27:28","guid":{"rendered":"https:\/\/accenta.de\/digital-signage-monitoring\/"},"modified":"2024-12-02T18:47:31","modified_gmt":"2024-12-02T17:47:31","slug":"digital-signage-monitoring","status":"publish","type":"page","link":"https:\/\/accenta.de\/es\/digital-signage-monitoring\/","title":{"rendered":"Supervisi\u00f3n de la se\u00f1alizaci\u00f3n digital"},"content":{"rendered":"","protected":false},"excerpt":{"rendered":"","protected":false},"author":1,"featured_media":0,"parent":0,"menu_order":0,"comment_status":"closed","ping_status":"closed","template":"","meta":{"footnotes":""},"class_list":["post-710","page","type-page","status-publish","hentry"],"acf":[],"_links":{"self":[{"href":"https:\/\/accenta.de\/es\/wp-json\/wp\/v2\/pages\/710","targetHints":{"allow":["GET"]}}],"collection":[{"href":"https:\/\/accenta.de\/es\/wp-json\/wp\/v2\/pages"}],"about":[{"href":"https:\/\/accenta.de\/es\/wp-json\/wp\/v2\/types\/page"}],"author":[{"embeddable":true,"href":"https:\/\/accenta.de\/es\/wp-json\/wp\/v2\/users\/1"}],"replies":[{"embeddable":true,"href":"https:\/\/accenta.de\/es\/wp-json\/wp\/v2\/comments?post=710"}],"version-history":[{"count":1,"href":"https:\/\/accenta.de\/es\/wp-json\/wp\/v2\/pages\/710\/revisions"}],"predecessor-version":[{"id":711,"href":"https:\/\/accenta.de\/es\/wp-json\/wp\/v2\/pages\/710\/revisions\/711"}],"wp:attachment":[{"href":"https:\/\/accenta.de\/es\/wp-json\/wp\/v2\/media?parent=710"}],"curies":[{"name":"wp","href":"https:\/\/api.w.org\/{rel}","templated":true}]}}