{"id":818,"date":"2024-07-22T15:02:27","date_gmt":"2024-07-22T13:02:27","guid":{"rendered":"https:\/\/accenta.de\/impressum\/"},"modified":"2024-12-05T15:47:36","modified_gmt":"2024-12-05T14:47:36","slug":"impressum","status":"publish","type":"page","link":"https:\/\/accenta.de\/es\/impressum\/","title":{"rendered":"IMPRESI\u00d3N"},"content":{"rendered":"\n<h4 class=\"wp-block-heading\">Introducci\u00f3n<\/h4>\n\n\n\n<p>En cumplimiento de la Ley 34\/2002, de 11 de julio, de Servicios de la Sociedad de la Informaci\u00f3n y de Comercio Elec- tr\u00f3nico (LSSI-CE), ACCENTA Signage Solution SL informa que es titular del sitio web. De acuerdo con la exigencia del art\u00edculo 10 de la citada Ley, ACCENTA Signage Solution SL informa de los siguientes datos:<\/p>\n\n\n\n<p>REPRESENTANTE LEGAL: ACCENTA Signage Solution SL NIF: B13725304<\/p>\n\n\n\n<p>DOMINIO <a href=\"http:\/\/www.accenta.es\/\" target=\"_blank\" rel=\"noopener\">https:\/\/www.accenta.es\/<\/a><\/p>\n\n\n\n<p>DIRECCI\u00d3N POSTAL C.\/ Gremi Velluters no 31 - Planta Baja 10 07009 Palma de Mallorca DIRECCI\u00d3N ELECTR\u00d3NICA <a href=\"mailto:info@accenta.es\">info@accenta.es<\/a><\/p>\n\n\n\n<p>TEL\u00c9FONOS +34 971 72 11 27<\/p>\n\n\n\n<h3 class=\"wp-block-heading\">&nbsp;<\/h3>\n\n\n\n<h4 class=\"wp-block-heading\"><strong>Usuario y r\u00e9gimen de responsabilidades<\/strong><strong><\/strong><\/h4>\n\n\n\n<p>La navegaci\u00f3n, acceso y uso por el sitio web de ACCENTA Signage Solution SL confiere la condici\u00f3n de usuario. El sitio web de ACCENTA Signage Solution SL proporciona gran diversidad de informaci\u00f3n, servicios y datos. El usuario asume su responsabilidad en el uso correcto del sitio web. Esta responsabilidad se extender\u00e1 a:<\/p>\n\n\n\n<p>La veracidad y licitud de las informaciones aportadas por el usuario en los formularios extendidos por ACCENTA Sig- nage Solution SL para el acceso a ciertos contenidos o servicios ofrecidos por el web.<\/p>\n\n\n\n<p>El uso de la informaci\u00f3n, servicios y datos ofrecidos por ACCENTA Signage Solution SL contrariamente a lo dispuesto por las presentes condiciones, la Ley, la moral, las buenas costumbres o el orden<\/p>\n\n\n\n<p>p\u00fablico, o que de cualquier otro modo puedan suponer lesi\u00f3n de los derechos de terceros o del mismo funciona- miento del sitio web.<\/p>\n\n\n\n<p><strong>Pol\u00edtica de enlaces y exenciones de responsabilidad<\/strong><strong><\/strong><\/p>\n\n\n\n<p>ACCENTA Signage Solution SL no se hace responsable del contenido de los sitios web a los que el usuario pueda acceder a trav\u00e9s de los enlaces establecidos en su sitio web, siempre que no tenga conocimiento efectivo de que la actividad o la informaci\u00f3n a la que remite o recomienda es il\u00edcita o de que lesiona bienes o derechos de un tercero susceptibles de indemnizaci\u00f3n, o, en caso de tenerlo, act\u00fae con diligencia para suprimir o inutilizar el enlace corre- spondiente.<\/p>\n\n\n\n<p>Se entender\u00e1 que ACCENTA Signage Solution SL tiene el conocimiento efectivo a que se refiere el p\u00e1rrafo anterior cuando un \u00f3rgano competente haya declarado la ilicitud de los datos, ordenado su retirada o que se imposibilite el acceso a los mismos, o se hubiera declarado la existencia de la lesi\u00f3n, y ACCENTA Signage Solution SL conociera la correspondiente resoluci\u00f3n, sin perjuicio de los procedimientos de detecci\u00f3n y retirada de contenidos que ACCEN- TA Signage Solution SL aplique en virtud de acuerdos voluntarios y de otros medios de conocimiento efectivo que pudieran establecerse.<\/p>\n\n\n\n<p>ACCENTA Signage Solution SL declara haber adoptado todas las medidas necesarias para evitar cualquier da\u00f1o a los usuarios de su sitio web, que pudieran derivarse de la navegaci\u00f3n por su sitio web. En consecuencia, ACCENTA Sig- nage Solution SL no se hace responsable, en ning\u00fan caso, de los eventuales da\u00f1os que por la navegaci\u00f3n por Inter- net pudiera sufrir el usuario. Asimismo, tampoco garantizar\u00e1 la disponibilidad t\u00e9cnica, exactitud, veracidad, validez o legalidad de sitios ajenos a su propiedad a los que se pueda acceder por medio de los enlaces.<\/p>\n\n\n\n<p><strong>Modificaciones<\/strong><strong><\/strong><\/p>\n\n\n\n<p>ACCENTA Signage Solution SL se reserva el derecho a realizar las modificaciones que considere oportunas, sin aviso previo, en el contenido de su sitio web. Tanto en lo referente a los contenidos del sitio web, como en las condiciones de uso del mismo, o en las condiciones generales de contrataci\u00f3n. Los cambios a los que hace referencia este aparta- do, no afectar\u00e1n a las contrataciones realizadas con fecha anterior a la fecha de publicaci\u00f3n de los mismos.<\/p>\n\n\n\n<p>Dichas modificaciones podr\u00e1n realizarse a trav\u00e9s de su sitio web por cualquier forma admisible en derecho y ser\u00e1n de obligado cumplimiento durante el tiempo en que se encuentren publicadas en el web y hasta que no sean modifica- das v\u00e1lidamente por otras posteriores.<\/p>\n\n\n\n<p><strong>Indicaci\u00f3n de precios<\/strong><strong><\/strong><\/p>\n\n\n\n<p>En caso de que se muestren precios de productos y\/o servicios, los indicados en pantalla ser\u00e1n los vigentes en cada momento. Los precios ser\u00e1n indicados en euros y tendr\u00e1n incorporado el Impuesto sobre el Valor A\u00f1adido (IVA). En caso de que no se incorpore el IVA en el precio, se indicar\u00e1 de manera expresa y se permitir\u00e1 al usuario visualizar el precio final completo.<\/p>\n\n\n\n<p>Asimismo, si fuera aplicable cualquier otro impuesto, as\u00ed se indicar\u00eda, incluyendo, en su caso, el importe de los incre- mentos o descuentos que sean de aplicaci\u00f3n a la oferta y los gastos adicionales que puedan repercutir al consumidor o usuario.<\/p>\n\n\n\n<p><strong>Propiedad intelectual e industrial<\/strong><strong><\/strong><\/p>\n\n\n\n<p>ACCENTA Signage Solution SL por s\u00ed misma o como cesionaria, es titular de todos los derechos de propiedad intelectual e industrial de su p\u00e1gina web, as\u00ed como de los elementos contenidos en la misma (a t\u00edtulo enunciativo, im\u00e1genes, sonido, audio, v\u00eddeo, software o textos; marcas o logotipos, combinaciones de colores, estructura y dise\u00f1o, selecci\u00f3n de materiales usados, programas de ordenador necesarios para su funcionamiento, acceso y uso, etc.), titularidad de ACCENTA Signage Solution SL. Ser\u00e1n, por consiguiente, obras protegidas como propiedad intelectual por el ordenamiento jur\u00eddico espa\u00f1ol, si\u00e9ndoles aplicables tanto la normativa espa\u00f1ola y comunitaria en este campo, como los tratados internacionales relativos a la materia y suscritos por Espa\u00f1a.<\/p>\n\n\n\n<p>Todos los derechos reservados. En virtud de lo dispuesto en la Ley de Propiedad Intelectual, quedan expresamente prohibidas la reproducci\u00f3n, la distribuci\u00f3n y la comunicaci\u00f3n p\u00fablica, incluida su modalidad de puesta a disposici\u00f3n, de la totalidad o parte de los contenidos de esta p\u00e1gina web, con fines comerciales, en cualquier soporte y por cual- quier medio t\u00e9cnico, sin la autorizaci\u00f3n de ACCENTA Signage Solution SL.<\/p>\n\n\n\n<p>El usuario se compromete a respetar los derechos de Propiedad Intelectual e Industrial titularidad de ACCENTA Signage Solution SL. Podr\u00e1 visualizar los elementos del portal e incluso imprimirlos, copiarlos y almacenarlos en el disco duro de su ordenador o en cualquier otro soporte f\u00edsico siempre y cuando sea, \u00fanica y exclusivamente, para su uso personal y privado. El usuario deber\u00e1 abstenerse de suprimir, alterar, eludir o manipular cualquier dispositivo de protecci\u00f3n o sistema de seguridad que estuviera instalado en las p\u00e1ginas de ACCENTA Signage Solution SL.<\/p>\n\n\n\n<p><strong>Acciones legales, legislaci\u00f3n aplicable y jurisdicci\u00f3n<\/strong><strong><\/strong><\/p>\n\n\n\n<p>Si el usuario desea presentar una reclamaci\u00f3n, deber\u00e1 contactar mediante el correo electr\u00f3nico <a href=\"mailto:info@accenta.es\">info@accenta.es.<\/a><\/p>\n\n\n\n<p>Asimismo, ACCENTA Signage Solution SL dispone de hojas oficiales de reclamaci\u00f3n a disposici\u00f3n de los consumidores y usuarios.<\/p>\n\n\n\n<p>ACCENTA Signage Solution SL se reserva la facultad de presentar las acciones civiles o penales que considere opor- tunas por la utilizaci\u00f3n indebida de su sitio web y contenidos, o por el incumplimiento de las presentes condiciones.<\/p>\n\n\n\n<p>La relaci\u00f3n entre el usuario y el prestador se regir\u00e1 por la normativa vigente y de aplicaci\u00f3n en el territorio espa\u00f1ol. De surgir cualquier controversia las partes podr\u00e1n someter sus conflictos a arbitraje o acudir a la jurisdicci\u00f3n ordinaria cumpliendo con las normas sobre jurisdicci\u00f3n y competencia al respecto. ACCENTA Signage Solution SL tiene su domicilio en ILLES BALEARS, Espa\u00f1a.<\/p>\n","protected":false},"excerpt":{"rendered":"<p>Introducci\u00f3n En cumplimiento de la Ley 34\/2002, de 11 de julio, de Servicios de la Sociedad de la Informaci\u00f3n y de Comercio Elec- tr\u00f3nico (LSSI-CE), ACCENTA Signage Solution SL informa que es titular del sitio web. De acuerdo con la exigencia del art\u00edculo 10 de la citada Ley, ACCENTA Signage Solution SL informa de los [&hellip;]<\/p>\n","protected":false},"author":1,"featured_media":0,"parent":0,"menu_order":0,"comment_status":"closed","ping_status":"closed","template":"","meta":{"footnotes":""},"class_list":["post-818","page","type-page","status-publish","hentry"],"acf":[],"_links":{"self":[{"href":"https:\/\/accenta.de\/es\/wp-json\/wp\/v2\/pages\/818","targetHints":{"allow":["GET"]}}],"collection":[{"href":"https:\/\/accenta.de\/es\/wp-json\/wp\/v2\/pages"}],"about":[{"href":"https:\/\/accenta.de\/es\/wp-json\/wp\/v2\/types\/page"}],"author":[{"embeddable":true,"href":"https:\/\/accenta.de\/es\/wp-json\/wp\/v2\/users\/1"}],"replies":[{"embeddable":true,"href":"https:\/\/accenta.de\/es\/wp-json\/wp\/v2\/comments?post=818"}],"version-history":[{"count":2,"href":"https:\/\/accenta.de\/es\/wp-json\/wp\/v2\/pages\/818\/revisions"}],"predecessor-version":[{"id":863,"href":"https:\/\/accenta.de\/es\/wp-json\/wp\/v2\/pages\/818\/revisions\/863"}],"wp:attachment":[{"href":"https:\/\/accenta.de\/es\/wp-json\/wp\/v2\/media?parent=818"}],"curies":[{"name":"wp","href":"https:\/\/api.w.org\/{rel}","templated":true}]}}